{"id":5951,"date":"2024-12-19T09:10:18","date_gmt":"2024-12-19T08:10:18","guid":{"rendered":"https:\/\/staging.schildkroetli-swimmers.ch\/?page_id=5951"},"modified":"2025-01-06T11:54:09","modified_gmt":"2025-01-06T10:54:09","slug":"advent-calendar-2024","status":"publish","type":"page","link":"https:\/\/schildkroetli-swimmers.ch\/en\/advent-calendar-2024\/","title":{"rendered":"Advent calendar 2024"},"content":{"rendered":"<div class=\"wpb-content-wrapper\">[vc_row full_width=&#8221;stretch_row_content_no_spaces&#8221; el_class=&#8221;first wk_subpage_header&#8221; css=&#8221;.vc_custom_1734595781170{background-image: url(https:\/\/schildkroetli-swimmers.ch\/wp-content\/uploads\/2024\/12\/iStock-1335054323.jpg?id=5966) !important;background-position: center !important;background-repeat: no-repeat !important;background-size: cover !important;}&#8221;][vc_column][\/vc_column][\/vc_row][vc_row full_width=&#8221;stretch_row_content_no_spaces&#8221; content_placement=&#8221;bottom&#8221; el_class=&#8221;bg_transparent wave-row intro_bottom no_filter&#8221;][vc_column][vc_single_image image=&#8221;690&#8243; el_class=&#8221;wave-image&#8221;][\/vc_column][\/vc_row][vc_section full_width=&#8221;stretch_row&#8221; el_class=&#8221;wk-section&#8221;][vc_row][vc_column][vc_column_text css=&#8221;&#8221;]\n<h1 style=\"text-align: center;\">Malwettbewerb<\/h1>\n[\/vc_column_text][vc_empty_space][\/vc_column][\/vc_row][vc_row][vc_column][vc_column_text css=&#8221;&#8221;]\n<h2 style=\"text-align: center;\">Schildkr\u00f6tenstarker Malwettbewerb<\/h2>\n[\/vc_column_text][vc_empty_space][vc_column_text css=&#8221;&#8221;]\n<p style=\"text-align: center;\">Hallo liebe kleine K\u00fcnstlerinnen und K\u00fcnstler, habt ihr schon mal von einer Weihnachtsschildkr\u00f6te geh\u00f6rt? Nein? Dann wird es h\u00f6chste Zeit, dass ihr uns eure Ideen zeigt!<\/p>\n[\/vc_column_text][\/vc_column][\/vc_row][vc_row][vc_column width=&#8221;2\/3&#8243;][vc_empty_space][vc_column_text css=&#8221;&#8221;]\n<h3 style=\"text-align: left;\">So k\u00f6nnt ihr mitmachen:<\/h3>\n<p style=\"text-align: left;\">1. Zeichnet eure eigene, kreative Weihnachtsschildkr\u00f6te \u2013 vielleicht mit einer roten M\u00fctze, einem Geschenk auf dem Panzer oder sogar leuchtenden Weihnachtslichtern? Alles ist erlaubt, solange es Spass macht.<\/p>\n<p style=\"text-align: left;\">2. Schickt eure Kunstwerke vom Samstag, 25.12.2024 bis Freitag, 10.01.2025 per Post oder E-Mail zu uns:<\/p>\n<p style=\"text-align: left;\">\u00a0\u00a0 &#8211; Post: Schildkr\u00f6tli Swimmers, Weihnachtsschildkr\u00f6te, Chriesbaumstrasse 2, 8604 Volketswil<\/p>\n<p style=\"text-align: left;\">\u00a0\u00a0 &#8211; E-Mail: <a href=\"mailto:info@schildkroetli-swimmers.ch\">info@schildkroetli-swimmers.ch<\/a> mit Betreff \u00abWeihnachtsschildkr\u00f6te\u00bb<\/p>\n<p style=\"text-align: left;\">3. Bitte vergesst nicht, diese Infos mitzusenden:<\/p>\n<p style=\"text-align: left;\">\u00a0\u00a0 &#8211; Name der Familie, Adresse, E-Mail<\/p>\n<p style=\"text-align: left;\">\u00a0\u00a0 &#8211; Name und Alter des Kindes<\/p>\n[\/vc_column_text][vc_empty_space][vc_column_text css=&#8221;&#8221;]\n<h3 style=\"text-align: left;\">Was gibt es zu gewinnen?<\/h3>\n<p style=\"text-align: left;\">Unter allen Einsendungen verlosen wir drei tolle Preise, die euch und eure ganze Familie begeistern werden.<\/p>\n[\/vc_column_text][vc_empty_space height=&#8221;16px&#8221;][vc_column_text css=&#8221;&#8221;]\n<h3 style=\"text-align: left;\">Einsendeschluss:<\/h3>\n<p style=\"text-align: left;\">Alle Bilder m\u00fcssen sp\u00e4testens am 10.01.2025 bei uns sein.<\/p>\n[\/vc_column_text][vc_empty_space][\/vc_column][vc_column width=&#8221;1\/3&#8243;][vc_empty_space height=&#8221;80px&#8221;][vc_single_image image=&#8221;5959&#8243; css=&#8221;&#8221;][vc_empty_space][\/vc_column][\/vc_row][vc_row][vc_column][vc_column_text css=&#8221;&#8221;]\n<p style=\"text-align: left;\">Also ran an die Stifte, Pinsel und Glitzerkleber! Wir freuen uns schon riesig auf eure fantasievollen Weihnachtsschildkr\u00f6ten. Euer Bild wird bestimmt ein richtiger Hit!<\/p>\n[\/vc_column_text][vc_empty_space][\/vc_column][\/vc_row][vc_row][vc_column][vc_column_text css=&#8221;&#8221;]\n<h3 style=\"text-align: center;\">Teilnahmeberechtigung<\/h3>\n[\/vc_column_text][\/vc_column][\/vc_row][vc_row][vc_column width=&#8221;1\/2&#8243;][vc_column_text css=&#8221;&#8221;]Teilnahmeberechtigt sind alle in der Schweiz wohnhaften nat\u00fcrlichen Personen (ausgenommen Mitarbeitende von Schildkr\u00f6tli Swimmers GmbH). Der Teilnahmeschluss ist der 10. Januar 2025 um 24:00 Uhr. Die Preise werden innerhalb der folgenden f\u00fcnf Werktage unter allen registrierten Teilnehmerinnen und Teilnehmern ausgelost. Die Gewinner werden per E-Mail durch Schildkr\u00f6tli Swimmers GmbH benachrichtigt. Weiterf\u00fchrende Korrespondenz wird nicht vorgenommen.<\/p>\n[\/vc_column_text][\/vc_column][vc_column width=&#8221;1\/2&#8243;][vc_column_text]Legal action is excluded. The prizes will not be paid out in cash. Participants who enter an incorrect address will forfeit their prize. There is no obligation to purchase. Personal data will not be passed on to third parties.[\/vc_column_text][\/vc_column][\/vc_row][\/vc_section]\n<\/div>","protected":false},"excerpt":{"rendered":"<p>[vc_row full_width=&#8221;stretch_row_content_no_spaces&#8221; el_class=&#8221;first wk_subpage_header&#8221; css=&#8221;.vc_custom_1734595781170{background-image: url(https:\/\/schildkroetli-swimmers.ch\/wp-content\/uploads\/2024\/12\/iStock-1335054323.jpg?id=5966) !important;background-position: center !important;background-repeat: no-repeat !important;background-size: cover !important;}&#8221;][vc_column][\/vc_column][\/vc_row][vc_row full_width=&#8221;stretch_row_content_no_spaces&#8221; content_placement=&#8221;bottom&#8221; el_class=&#8221;bg_transparent wave-row intro_bottom no_filter&#8221;][vc_column][vc_single_image image=&#8221;690&#8243; el_class=&#8221;wave-image&#8221;][\/vc_column][\/vc_row][vc_section full_width=&#8221;stretch_row&#8221; el_class=&#8221;wk-section&#8221;][vc_row][vc_column][vc_column_text css=&#8221;&#8221;] Malwettbewerb [\/vc_column_text][vc_empty_space][\/vc_column][\/vc_row][vc_row][vc_column][vc_column_text css=&#8221;&#8221;] Schildkr\u00f6tenstarker Malwettbewerb [\/vc_column_text][vc_empty_space][vc_column_text css=&#8221;&#8221;] Hallo liebe kleine K\u00fcnstlerinnen und K\u00fcnstler, habt ihr schon mal von einer Weihnachtsschildkr\u00f6te geh\u00f6rt? Nein? Dann wird es h\u00f6chste Zeit, dass ihr uns eure&hellip;<\/p>\n","protected":false},"author":1,"featured_media":5960,"parent":0,"menu_order":0,"comment_status":"closed","ping_status":"closed","template":"","meta":{"_acf_changed":false,"footnotes":"","_wpscp_schedule_draft_date":"","_wpscp_schedule_republish_date":"","_wpscppro_advance_schedule":false,"_wpscppro_advance_schedule_date":"","_wpscppro_dont_share_socialmedia":null,"_wpscppro_custom_social_share_image":0,"_facebook_share_type":"default","_twitter_share_type":"default","_linkedin_share_type":"default","_pinterest_share_type":"default","_linkedin_share_type_page":"","_instagram_share_type":"default","_medium_share_type":"default","_threads_share_type":"","_google_business_share_type":"","_selected_social_profile":[],"_wpsp_enable_custom_social_template":false,"_wpsp_social_scheduling":{"enabled":false,"datetime":null,"platforms":[],"status":"template_only","dateOption":"today","timeOption":"now","customDays":"","customHours":"","customDate":"","customTime":"","schedulingType":"absolute"},"_wpsp_active_default_template":true},"class_list":["post-5951","page","type-page","status-publish","has-post-thumbnail","hentry","entry","has-media"],"acf":[],"yoast_head":"<!-- This site is optimized with the Yoast SEO plugin v27.3 - https:\/\/yoast.com\/product\/yoast-seo-wordpress\/ -->\n<title>Gift Voucher Swimming School | Schildkr\u00f6tli-Swimmers<\/title>\n<meta name=\"description\" content=\"Gift Voucher Swimming School | Schildkr\u00f6tli-Swimmers. Give your loved ones a fun and varied swimming experience. Learn more now.\" \/>\n<meta name=\"robots\" content=\"index, follow, max-snippet:-1, max-image-preview:large, max-video-preview:-1\" \/>\n<link rel=\"canonical\" href=\"https:\/\/schildkroetli-swimmers.ch\/en\/advent-calendar-2024\/\" \/>\n<meta property=\"og:locale\" content=\"en_US\" \/>\n<meta property=\"og:type\" content=\"article\" \/>\n<meta property=\"og:title\" content=\"Gift Voucher Swimming School | Schildkr\u00f6tli-Swimmers\" \/>\n<meta property=\"og:description\" content=\"Gift Voucher Swimming School | Schildkr\u00f6tli-Swimmers. Give your loved ones a fun and varied swimming experience. Learn more now.\" \/>\n<meta property=\"og:url\" content=\"https:\/\/schildkroetli-swimmers.ch\/en\/advent-calendar-2024\/\" \/>\n<meta property=\"og:site_name\" content=\"Schildkr\u00f6tli Swimmers\" \/>\n<meta property=\"article:modified_time\" content=\"2025-01-06T10:54:09+00:00\" \/>\n<meta property=\"og:image\" content=\"https:\/\/schildkroetli-swimmers.ch\/wp-content\/uploads\/2024\/12\/malwettbewerb24.jpg\" \/>\n\t<meta property=\"og:image:width\" content=\"1080\" \/>\n\t<meta property=\"og:image:height\" content=\"1080\" \/>\n\t<meta property=\"og:image:type\" content=\"image\/jpeg\" \/>\n<meta name=\"twitter:card\" content=\"summary_large_image\" \/>\n<meta name=\"twitter:label1\" content=\"Est. reading time\" \/>\n\t<meta name=\"twitter:data1\" content=\"1 minute\" \/>\n<script type=\"application\/ld+json\" class=\"yoast-schema-graph\">{\"@context\":\"https:\\\/\\\/schema.org\",\"@graph\":[{\"@type\":\"WebPage\",\"@id\":\"https:\\\/\\\/schildkroetli-swimmers.ch\\\/en\\\/advent-calendar-2024\\\/\",\"url\":\"https:\\\/\\\/schildkroetli-swimmers.ch\\\/en\\\/advent-calendar-2024\\\/\",\"name\":\"Gift Voucher Swimming School | Schildkr\u00f6tli-Swimmers\",\"isPartOf\":{\"@id\":\"https:\\\/\\\/schildkroetli-swimmers.ch\\\/#website\"},\"primaryImageOfPage\":{\"@id\":\"https:\\\/\\\/schildkroetli-swimmers.ch\\\/en\\\/advent-calendar-2024\\\/#primaryimage\"},\"image\":{\"@id\":\"https:\\\/\\\/schildkroetli-swimmers.ch\\\/en\\\/advent-calendar-2024\\\/#primaryimage\"},\"thumbnailUrl\":\"https:\\\/\\\/schildkroetli-swimmers.ch\\\/wp-content\\\/uploads\\\/2024\\\/12\\\/malwettbewerb24.jpg\",\"datePublished\":\"2024-12-19T08:10:18+00:00\",\"dateModified\":\"2025-01-06T10:54:09+00:00\",\"description\":\"Gift Voucher Swimming School | Schildkr\u00f6tli-Swimmers. Give your loved ones a fun and varied swimming experience. Learn more now.\",\"breadcrumb\":{\"@id\":\"https:\\\/\\\/schildkroetli-swimmers.ch\\\/en\\\/advent-calendar-2024\\\/#breadcrumb\"},\"inLanguage\":\"en-US\",\"potentialAction\":[{\"@type\":\"ReadAction\",\"target\":[\"https:\\\/\\\/schildkroetli-swimmers.ch\\\/en\\\/advent-calendar-2024\\\/\"]}]},{\"@type\":\"ImageObject\",\"inLanguage\":\"en-US\",\"@id\":\"https:\\\/\\\/schildkroetli-swimmers.ch\\\/en\\\/advent-calendar-2024\\\/#primaryimage\",\"url\":\"https:\\\/\\\/schildkroetli-swimmers.ch\\\/wp-content\\\/uploads\\\/2024\\\/12\\\/malwettbewerb24.jpg\",\"contentUrl\":\"https:\\\/\\\/schildkroetli-swimmers.ch\\\/wp-content\\\/uploads\\\/2024\\\/12\\\/malwettbewerb24.jpg\",\"width\":1080,\"height\":1080},{\"@type\":\"BreadcrumbList\",\"@id\":\"https:\\\/\\\/schildkroetli-swimmers.ch\\\/en\\\/advent-calendar-2024\\\/#breadcrumb\",\"itemListElement\":[{\"@type\":\"ListItem\",\"position\":1,\"name\":\"Startseite\",\"item\":\"https:\\\/\\\/schildkroetli-swimmers.ch\\\/en\\\/\"},{\"@type\":\"ListItem\",\"position\":2,\"name\":\"Advent calendar 2024\"}]},{\"@type\":\"WebSite\",\"@id\":\"https:\\\/\\\/schildkroetli-swimmers.ch\\\/#website\",\"url\":\"https:\\\/\\\/schildkroetli-swimmers.ch\\\/\",\"name\":\"Schildkr\u00f6tli Swimmers\",\"description\":\"Die zertifizierte Schwimmschule mit Qualit\u00e4tslabel und viel Charme\",\"publisher\":{\"@id\":\"https:\\\/\\\/schildkroetli-swimmers.ch\\\/#organization\"},\"potentialAction\":[{\"@type\":\"SearchAction\",\"target\":{\"@type\":\"EntryPoint\",\"urlTemplate\":\"https:\\\/\\\/schildkroetli-swimmers.ch\\\/?s={search_term_string}\"},\"query-input\":{\"@type\":\"PropertyValueSpecification\",\"valueRequired\":true,\"valueName\":\"search_term_string\"}}],\"inLanguage\":\"en-US\"},{\"@type\":\"Organization\",\"@id\":\"https:\\\/\\\/schildkroetli-swimmers.ch\\\/#organization\",\"name\":\"Schildkr\u00f6tli Swimmers\",\"url\":\"https:\\\/\\\/schildkroetli-swimmers.ch\\\/\",\"logo\":{\"@type\":\"ImageObject\",\"inLanguage\":\"en-US\",\"@id\":\"https:\\\/\\\/schildkroetli-swimmers.ch\\\/#\\\/schema\\\/logo\\\/image\\\/\",\"url\":\"https:\\\/\\\/schildkroetli-swimmers.ch\\\/wp-content\\\/uploads\\\/2024\\\/03\\\/schildkroetli-swimmers-logo-2024.png\",\"contentUrl\":\"https:\\\/\\\/schildkroetli-swimmers.ch\\\/wp-content\\\/uploads\\\/2024\\\/03\\\/schildkroetli-swimmers-logo-2024.png\",\"width\":1820,\"height\":461,\"caption\":\"Schildkr\u00f6tli Swimmers\"},\"image\":{\"@id\":\"https:\\\/\\\/schildkroetli-swimmers.ch\\\/#\\\/schema\\\/logo\\\/image\\\/\"}}]}<\/script>\n<!-- \/ Yoast SEO plugin. -->","yoast_head_json":{"title":"Gift Voucher Swimming School | Schildkr\u00f6tli-Swimmers","description":"Gift Voucher Swimming School | Schildkr\u00f6tli-Swimmers. Give your loved ones a fun and varied swimming experience. Learn more now.","robots":{"index":"index","follow":"follow","max-snippet":"max-snippet:-1","max-image-preview":"max-image-preview:large","max-video-preview":"max-video-preview:-1"},"canonical":"https:\/\/schildkroetli-swimmers.ch\/en\/advent-calendar-2024\/","og_locale":"en_US","og_type":"article","og_title":"Gift Voucher Swimming School | Schildkr\u00f6tli-Swimmers","og_description":"Gift Voucher Swimming School | Schildkr\u00f6tli-Swimmers. Give your loved ones a fun and varied swimming experience. Learn more now.","og_url":"https:\/\/schildkroetli-swimmers.ch\/en\/advent-calendar-2024\/","og_site_name":"Schildkr\u00f6tli Swimmers","article_modified_time":"2025-01-06T10:54:09+00:00","og_image":[{"width":1080,"height":1080,"url":"https:\/\/schildkroetli-swimmers.ch\/wp-content\/uploads\/2024\/12\/malwettbewerb24.jpg","type":"image\/jpeg"}],"twitter_card":"summary_large_image","twitter_misc":{"Est. reading time":"1 minute"},"schema":{"@context":"https:\/\/schema.org","@graph":[{"@type":"WebPage","@id":"https:\/\/schildkroetli-swimmers.ch\/en\/advent-calendar-2024\/","url":"https:\/\/schildkroetli-swimmers.ch\/en\/advent-calendar-2024\/","name":"Gift Voucher Swimming School | Schildkr\u00f6tli-Swimmers","isPartOf":{"@id":"https:\/\/schildkroetli-swimmers.ch\/#website"},"primaryImageOfPage":{"@id":"https:\/\/schildkroetli-swimmers.ch\/en\/advent-calendar-2024\/#primaryimage"},"image":{"@id":"https:\/\/schildkroetli-swimmers.ch\/en\/advent-calendar-2024\/#primaryimage"},"thumbnailUrl":"https:\/\/schildkroetli-swimmers.ch\/wp-content\/uploads\/2024\/12\/malwettbewerb24.jpg","datePublished":"2024-12-19T08:10:18+00:00","dateModified":"2025-01-06T10:54:09+00:00","description":"Gift Voucher Swimming School | Schildkr\u00f6tli-Swimmers. Give your loved ones a fun and varied swimming experience. Learn more now.","breadcrumb":{"@id":"https:\/\/schildkroetli-swimmers.ch\/en\/advent-calendar-2024\/#breadcrumb"},"inLanguage":"en-US","potentialAction":[{"@type":"ReadAction","target":["https:\/\/schildkroetli-swimmers.ch\/en\/advent-calendar-2024\/"]}]},{"@type":"ImageObject","inLanguage":"en-US","@id":"https:\/\/schildkroetli-swimmers.ch\/en\/advent-calendar-2024\/#primaryimage","url":"https:\/\/schildkroetli-swimmers.ch\/wp-content\/uploads\/2024\/12\/malwettbewerb24.jpg","contentUrl":"https:\/\/schildkroetli-swimmers.ch\/wp-content\/uploads\/2024\/12\/malwettbewerb24.jpg","width":1080,"height":1080},{"@type":"BreadcrumbList","@id":"https:\/\/schildkroetli-swimmers.ch\/en\/advent-calendar-2024\/#breadcrumb","itemListElement":[{"@type":"ListItem","position":1,"name":"Startseite","item":"https:\/\/schildkroetli-swimmers.ch\/en\/"},{"@type":"ListItem","position":2,"name":"Advent calendar 2024"}]},{"@type":"WebSite","@id":"https:\/\/schildkroetli-swimmers.ch\/#website","url":"https:\/\/schildkroetli-swimmers.ch\/","name":"Schildkr\u00f6tli Swimmers","description":"Die zertifizierte Schwimmschule mit Qualit\u00e4tslabel und viel Charme","publisher":{"@id":"https:\/\/schildkroetli-swimmers.ch\/#organization"},"potentialAction":[{"@type":"SearchAction","target":{"@type":"EntryPoint","urlTemplate":"https:\/\/schildkroetli-swimmers.ch\/?s={search_term_string}"},"query-input":{"@type":"PropertyValueSpecification","valueRequired":true,"valueName":"search_term_string"}}],"inLanguage":"en-US"},{"@type":"Organization","@id":"https:\/\/schildkroetli-swimmers.ch\/#organization","name":"Schildkr\u00f6tli Swimmers","url":"https:\/\/schildkroetli-swimmers.ch\/","logo":{"@type":"ImageObject","inLanguage":"en-US","@id":"https:\/\/schildkroetli-swimmers.ch\/#\/schema\/logo\/image\/","url":"https:\/\/schildkroetli-swimmers.ch\/wp-content\/uploads\/2024\/03\/schildkroetli-swimmers-logo-2024.png","contentUrl":"https:\/\/schildkroetli-swimmers.ch\/wp-content\/uploads\/2024\/03\/schildkroetli-swimmers-logo-2024.png","width":1820,"height":461,"caption":"Schildkr\u00f6tli Swimmers"},"image":{"@id":"https:\/\/schildkroetli-swimmers.ch\/#\/schema\/logo\/image\/"}}]}},"_links":{"self":[{"href":"https:\/\/schildkroetli-swimmers.ch\/en\/wp-json\/wp\/v2\/pages\/5951","targetHints":{"allow":["GET"]}}],"collection":[{"href":"https:\/\/schildkroetli-swimmers.ch\/en\/wp-json\/wp\/v2\/pages"}],"about":[{"href":"https:\/\/schildkroetli-swimmers.ch\/en\/wp-json\/wp\/v2\/types\/page"}],"author":[{"embeddable":true,"href":"https:\/\/schildkroetli-swimmers.ch\/en\/wp-json\/wp\/v2\/users\/1"}],"replies":[{"embeddable":true,"href":"https:\/\/schildkroetli-swimmers.ch\/en\/wp-json\/wp\/v2\/comments?post=5951"}],"version-history":[{"count":7,"href":"https:\/\/schildkroetli-swimmers.ch\/en\/wp-json\/wp\/v2\/pages\/5951\/revisions"}],"predecessor-version":[{"id":5989,"href":"https:\/\/schildkroetli-swimmers.ch\/en\/wp-json\/wp\/v2\/pages\/5951\/revisions\/5989"}],"wp:featuredmedia":[{"embeddable":true,"href":"https:\/\/schildkroetli-swimmers.ch\/en\/wp-json\/wp\/v2\/media\/5960"}],"wp:attachment":[{"href":"https:\/\/schildkroetli-swimmers.ch\/en\/wp-json\/wp\/v2\/media?parent=5951"}],"curies":[{"name":"wp","href":"https:\/\/api.w.org\/{rel}","templated":true}]}}