{"id":3052,"date":"2019-03-01T13:42:00","date_gmt":"2019-03-01T12:42:00","guid":{"rendered":"https:\/\/staging.schildkroetli-swimmers.ch\/course-location-rapperswil-jona-hanflaender\/"},"modified":"2024-11-29T10:18:17","modified_gmt":"2024-11-29T09:18:17","slug":"course-location-rapperswil-jona-hanflaender","status":"publish","type":"page","link":"https:\/\/schildkroetli-swimmers.ch\/en\/course-location-rapperswil-jona-hanflaender\/","title":{"rendered":"Course location Rapperswil-Jona Hanfl\u00e4nder"},"content":{"rendered":"<div class=\"wpb-content-wrapper\">[vc_row full_width=&#8221;stretch_row_content_no_spaces&#8221; el_class=&#8221;first wk_subpage_header&#8221; css=&#8221;.vc_custom_1699008396474{background-image: url(https:\/\/schildkroetli-swimmers.ch\/wp-content\/uploads\/2018\/11\/slide_1.jpg?id=65) !important;background-position: center !important;background-repeat: no-repeat !important;background-size: cover !important;}&#8221;][vc_column][\/vc_column][\/vc_row][vc_row full_width=&#8221;stretch_row_content_no_spaces&#8221; el_class=&#8221;bg_transparent wave-row intro_bottom test wk-position-top&#8221;][vc_column][vc_single_image image=&#8221;5125&#8243; css=&#8221;&#8221; el_class=&#8221;wave-image&#8221;][\/vc_column][\/vc_row][vc_section full_width=&#8221;stretch_row&#8221; el_class=&#8221;wk-section bg-blue intro_section wk-position-top&#8221;][vc_row][vc_column]<div class=\"templatera_shortcode\"><div class=\"vc_row wpb_row vc_row-fluid wpex-relative\"><div class=\"wpb_column vc_column_container vc_col-sm-12\"><div class=\"vc_column-inner\"><div class=\"wpb_wrapper\">[wk_vc_kursorganizer wk_kursbezeichnung_options_avail=\"\" wk_kursort_options_avail=\"\" wk_box_as_link_href=\"\" wk_text_for_box=\"\" wk_label=\"Hier finden Sie den passenden Kurs:\" wk_extra_classes=\"wk-white-text\"]<\/div><\/div><\/div><\/div>\r\n<\/div>[\/vc_column][\/vc_row][\/vc_section][vc_row full_width=&#8221;stretch_row_content_no_spaces&#8221; content_placement=&#8221;bottom&#8221; el_class=&#8221;bg-blue wave-row intro_bottom wk-position-top&#8221;][vc_column][vc_single_image image=&#8221;693&#8243; el_class=&#8221;wave-image&#8221;][\/vc_column][\/vc_row][vc_section full_width=&#8221;stretch_row&#8221; el_class=&#8221;wk-section&#8221;][vc_row][vc_column width=&#8221;1\/2&#8243;][vc_column_text]\n<h2>Course location Hanfl\u00e4nder<\/h2>\n<h4>Course days: Wednesday, Friday and Saturday<\/h4>\n<h3><\/h3>\n<p><strong>Lernschwimmbecken Schulhaus Hanfl\u00e4nder:<br \/><\/strong><br \/>Attenhoferstrasse 13<br \/>8640 Rapperswil-Jona[\/vc_column_text][\/vc_column][vc_column width=&#8221;1\/6&#8243;][\/vc_column][vc_column width=&#8221;1\/3&#8243;][\/vc_column][\/vc_row][\/vc_section][vc_row full_width=&#8221;stretch_row_content_no_spaces&#8221; content_placement=&#8221;bottom&#8221; el_class=&#8221;wave-row&#8221;][vc_column][vc_single_image image=&#8221;689&#8243; el_class=&#8221;wave-image&#8221;][\/vc_column][\/vc_row][vc_section full_width=&#8221;stretch_row&#8221; el_class=&#8221;wk-section bg-grey kursorte_reihe&#8221;][vc_row][vc_column][vc_column_text]\n<h1>Swimming courses in Hanfl\u00e4nder<\/h1>\n[\/vc_column_text][vc_empty_space][vc_basic_grid post_type=&#8221;portfolio&#8221; max_items=&#8221;-1&#8243; element_width=&#8221;3&#8243; order=&#8221;ASC&#8221; item=&#8221;152&#8243; grid_id=&#8221;vc_gid:1729763702348-2fd22847-373d-9&#8243; taxonomies=&#8221;4&#8243;][\/vc_column][\/vc_row][\/vc_section]\n<\/div>","protected":false},"excerpt":{"rendered":"[wk_vc_kursorganizer wk_kursbezeichnung_options_avail=\"\" wk_kursort_options_avail=\"\" wk_box_as_link_href=\"\" wk_text_for_box=\"\" wk_label=\"Hier finden Sie den passenden Kurs:\" wk_extra_classes=\"wk-white-text\"] Course location Hanfl\u00e4nder Course days: Wednesday, Friday and Saturday Lernschwimmbecken Schulhaus Hanfl\u00e4nder:Attenhoferstrasse 138640 Rapperswil-Jona Swimming courses in Hanfl\u00e4nder Children&#8217;s swimmingDive into the adventure! Dive into the adventure! Our imaginative turtle team brings children closer to swimming with age-appropriate, playful exercises \u2013 learning with&hellip;","protected":false},"author":1,"featured_media":0,"parent":0,"menu_order":0,"comment_status":"closed","ping_status":"closed","template":"","meta":{"_acf_changed":false,"footnotes":"","_wpscp_schedule_draft_date":"","_wpscp_schedule_republish_date":"","_wpscppro_advance_schedule":false,"_wpscppro_advance_schedule_date":"","_wpscppro_dont_share_socialmedia":false,"_wpscppro_custom_social_share_image":0,"_facebook_share_type":"","_twitter_share_type":"","_linkedin_share_type":"","_pinterest_share_type":"","_linkedin_share_type_page":"","_instagram_share_type":"","_medium_share_type":"","_threads_share_type":"","_google_business_share_type":"","_selected_social_profile":[],"_wpsp_enable_custom_social_template":false,"_wpsp_social_scheduling":{"enabled":false,"datetime":null,"platforms":[],"status":"template_only","dateOption":"today","timeOption":"now","customDays":"","customHours":"","customDate":"","customTime":"","schedulingType":"absolute"},"_wpsp_active_default_template":true},"class_list":["post-3052","page","type-page","status-publish","hentry","entry","no-media"],"acf":[],"yoast_head":"<!-- This site is optimized with the Yoast SEO plugin v27.3 - https:\/\/yoast.com\/product\/yoast-seo-wordpress\/ -->\n<title>Swimming courses in Hanfl\u00e4nder, Rapperswil-Jona | Schildkr\u00f6tli-Swimmers<\/title>\n<meta name=\"description\" content=\"Here you will find our swimming courses in Hanfl\u00e4nder. The learning pool is located at Attenhoferstrasse 13 in Rapperswil-Jona. Learn more about it.\" \/>\n<meta name=\"robots\" content=\"index, follow, max-snippet:-1, max-image-preview:large, max-video-preview:-1\" \/>\n<link rel=\"canonical\" href=\"https:\/\/schildkroetli-swimmers.ch\/en\/course-location-rapperswil-jona-hanflaender\/\" \/>\n<meta property=\"og:locale\" content=\"en_US\" \/>\n<meta property=\"og:type\" content=\"article\" \/>\n<meta property=\"og:title\" content=\"Swimming courses in Hanfl\u00e4nder, Rapperswil-Jona | Schildkr\u00f6tli-Swimmers\" \/>\n<meta property=\"og:description\" content=\"Here you will find our swimming courses in Hanfl\u00e4nder. The learning pool is located at Attenhoferstrasse 13 in Rapperswil-Jona. Learn more about it.\" \/>\n<meta property=\"og:url\" content=\"https:\/\/schildkroetli-swimmers.ch\/en\/course-location-rapperswil-jona-hanflaender\/\" \/>\n<meta property=\"og:site_name\" content=\"Schildkr\u00f6tli Swimmers\" \/>\n<meta property=\"article:modified_time\" content=\"2024-11-29T09:18:17+00:00\" \/>\n<meta name=\"twitter:card\" content=\"summary_large_image\" \/>\n<meta name=\"twitter:label1\" content=\"Est. reading time\" \/>\n\t<meta name=\"twitter:data1\" content=\"1 minute\" \/>\n<script type=\"application\/ld+json\" class=\"yoast-schema-graph\">{\"@context\":\"https:\\\/\\\/schema.org\",\"@graph\":[{\"@type\":\"WebPage\",\"@id\":\"https:\\\/\\\/schildkroetli-swimmers.ch\\\/en\\\/course-location-rapperswil-jona-hanflaender\\\/\",\"url\":\"https:\\\/\\\/schildkroetli-swimmers.ch\\\/en\\\/course-location-rapperswil-jona-hanflaender\\\/\",\"name\":\"Swimming courses in Hanfl\u00e4nder, Rapperswil-Jona | Schildkr\u00f6tli-Swimmers\",\"isPartOf\":{\"@id\":\"https:\\\/\\\/schildkroetli-swimmers.ch\\\/#website\"},\"datePublished\":\"2019-03-01T12:42:00+00:00\",\"dateModified\":\"2024-11-29T09:18:17+00:00\",\"description\":\"Here you will find our swimming courses in Hanfl\u00e4nder. The learning pool is located at Attenhoferstrasse 13 in Rapperswil-Jona. Learn more about it.\",\"breadcrumb\":{\"@id\":\"https:\\\/\\\/schildkroetli-swimmers.ch\\\/en\\\/course-location-rapperswil-jona-hanflaender\\\/#breadcrumb\"},\"inLanguage\":\"en-US\",\"potentialAction\":[{\"@type\":\"ReadAction\",\"target\":[\"https:\\\/\\\/schildkroetli-swimmers.ch\\\/en\\\/course-location-rapperswil-jona-hanflaender\\\/\"]}]},{\"@type\":\"BreadcrumbList\",\"@id\":\"https:\\\/\\\/schildkroetli-swimmers.ch\\\/en\\\/course-location-rapperswil-jona-hanflaender\\\/#breadcrumb\",\"itemListElement\":[{\"@type\":\"ListItem\",\"position\":1,\"name\":\"Startseite\",\"item\":\"https:\\\/\\\/schildkroetli-swimmers.ch\\\/en\\\/\"},{\"@type\":\"ListItem\",\"position\":2,\"name\":\"Course location Rapperswil-Jona Hanfl\u00e4nder\"}]},{\"@type\":\"WebSite\",\"@id\":\"https:\\\/\\\/schildkroetli-swimmers.ch\\\/#website\",\"url\":\"https:\\\/\\\/schildkroetli-swimmers.ch\\\/\",\"name\":\"Schildkr\u00f6tli Swimmers\",\"description\":\"Die zertifizierte Schwimmschule mit Qualit\u00e4tslabel und viel Charme\",\"publisher\":{\"@id\":\"https:\\\/\\\/schildkroetli-swimmers.ch\\\/#organization\"},\"potentialAction\":[{\"@type\":\"SearchAction\",\"target\":{\"@type\":\"EntryPoint\",\"urlTemplate\":\"https:\\\/\\\/schildkroetli-swimmers.ch\\\/?s={search_term_string}\"},\"query-input\":{\"@type\":\"PropertyValueSpecification\",\"valueRequired\":true,\"valueName\":\"search_term_string\"}}],\"inLanguage\":\"en-US\"},{\"@type\":\"Organization\",\"@id\":\"https:\\\/\\\/schildkroetli-swimmers.ch\\\/#organization\",\"name\":\"Schildkr\u00f6tli Swimmers\",\"url\":\"https:\\\/\\\/schildkroetli-swimmers.ch\\\/\",\"logo\":{\"@type\":\"ImageObject\",\"inLanguage\":\"en-US\",\"@id\":\"https:\\\/\\\/schildkroetli-swimmers.ch\\\/#\\\/schema\\\/logo\\\/image\\\/\",\"url\":\"https:\\\/\\\/schildkroetli-swimmers.ch\\\/wp-content\\\/uploads\\\/2024\\\/03\\\/schildkroetli-swimmers-logo-2024.png\",\"contentUrl\":\"https:\\\/\\\/schildkroetli-swimmers.ch\\\/wp-content\\\/uploads\\\/2024\\\/03\\\/schildkroetli-swimmers-logo-2024.png\",\"width\":1820,\"height\":461,\"caption\":\"Schildkr\u00f6tli Swimmers\"},\"image\":{\"@id\":\"https:\\\/\\\/schildkroetli-swimmers.ch\\\/#\\\/schema\\\/logo\\\/image\\\/\"}}]}<\/script>\n<!-- \/ Yoast SEO plugin. -->","yoast_head_json":{"title":"Swimming courses in Hanfl\u00e4nder, Rapperswil-Jona | Schildkr\u00f6tli-Swimmers","description":"Here you will find our swimming courses in Hanfl\u00e4nder. The learning pool is located at Attenhoferstrasse 13 in Rapperswil-Jona. Learn more about it.","robots":{"index":"index","follow":"follow","max-snippet":"max-snippet:-1","max-image-preview":"max-image-preview:large","max-video-preview":"max-video-preview:-1"},"canonical":"https:\/\/schildkroetli-swimmers.ch\/en\/course-location-rapperswil-jona-hanflaender\/","og_locale":"en_US","og_type":"article","og_title":"Swimming courses in Hanfl\u00e4nder, Rapperswil-Jona | Schildkr\u00f6tli-Swimmers","og_description":"Here you will find our swimming courses in Hanfl\u00e4nder. The learning pool is located at Attenhoferstrasse 13 in Rapperswil-Jona. Learn more about it.","og_url":"https:\/\/schildkroetli-swimmers.ch\/en\/course-location-rapperswil-jona-hanflaender\/","og_site_name":"Schildkr\u00f6tli Swimmers","article_modified_time":"2024-11-29T09:18:17+00:00","twitter_card":"summary_large_image","twitter_misc":{"Est. reading time":"1 minute"},"schema":{"@context":"https:\/\/schema.org","@graph":[{"@type":"WebPage","@id":"https:\/\/schildkroetli-swimmers.ch\/en\/course-location-rapperswil-jona-hanflaender\/","url":"https:\/\/schildkroetli-swimmers.ch\/en\/course-location-rapperswil-jona-hanflaender\/","name":"Swimming courses in Hanfl\u00e4nder, Rapperswil-Jona | Schildkr\u00f6tli-Swimmers","isPartOf":{"@id":"https:\/\/schildkroetli-swimmers.ch\/#website"},"datePublished":"2019-03-01T12:42:00+00:00","dateModified":"2024-11-29T09:18:17+00:00","description":"Here you will find our swimming courses in Hanfl\u00e4nder. The learning pool is located at Attenhoferstrasse 13 in Rapperswil-Jona. Learn more about it.","breadcrumb":{"@id":"https:\/\/schildkroetli-swimmers.ch\/en\/course-location-rapperswil-jona-hanflaender\/#breadcrumb"},"inLanguage":"en-US","potentialAction":[{"@type":"ReadAction","target":["https:\/\/schildkroetli-swimmers.ch\/en\/course-location-rapperswil-jona-hanflaender\/"]}]},{"@type":"BreadcrumbList","@id":"https:\/\/schildkroetli-swimmers.ch\/en\/course-location-rapperswil-jona-hanflaender\/#breadcrumb","itemListElement":[{"@type":"ListItem","position":1,"name":"Startseite","item":"https:\/\/schildkroetli-swimmers.ch\/en\/"},{"@type":"ListItem","position":2,"name":"Course location Rapperswil-Jona Hanfl\u00e4nder"}]},{"@type":"WebSite","@id":"https:\/\/schildkroetli-swimmers.ch\/#website","url":"https:\/\/schildkroetli-swimmers.ch\/","name":"Schildkr\u00f6tli Swimmers","description":"Die zertifizierte Schwimmschule mit Qualit\u00e4tslabel und viel Charme","publisher":{"@id":"https:\/\/schildkroetli-swimmers.ch\/#organization"},"potentialAction":[{"@type":"SearchAction","target":{"@type":"EntryPoint","urlTemplate":"https:\/\/schildkroetli-swimmers.ch\/?s={search_term_string}"},"query-input":{"@type":"PropertyValueSpecification","valueRequired":true,"valueName":"search_term_string"}}],"inLanguage":"en-US"},{"@type":"Organization","@id":"https:\/\/schildkroetli-swimmers.ch\/#organization","name":"Schildkr\u00f6tli Swimmers","url":"https:\/\/schildkroetli-swimmers.ch\/","logo":{"@type":"ImageObject","inLanguage":"en-US","@id":"https:\/\/schildkroetli-swimmers.ch\/#\/schema\/logo\/image\/","url":"https:\/\/schildkroetli-swimmers.ch\/wp-content\/uploads\/2024\/03\/schildkroetli-swimmers-logo-2024.png","contentUrl":"https:\/\/schildkroetli-swimmers.ch\/wp-content\/uploads\/2024\/03\/schildkroetli-swimmers-logo-2024.png","width":1820,"height":461,"caption":"Schildkr\u00f6tli Swimmers"},"image":{"@id":"https:\/\/schildkroetli-swimmers.ch\/#\/schema\/logo\/image\/"}}]}},"_links":{"self":[{"href":"https:\/\/schildkroetli-swimmers.ch\/en\/wp-json\/wp\/v2\/pages\/3052","targetHints":{"allow":["GET"]}}],"collection":[{"href":"https:\/\/schildkroetli-swimmers.ch\/en\/wp-json\/wp\/v2\/pages"}],"about":[{"href":"https:\/\/schildkroetli-swimmers.ch\/en\/wp-json\/wp\/v2\/types\/page"}],"author":[{"embeddable":true,"href":"https:\/\/schildkroetli-swimmers.ch\/en\/wp-json\/wp\/v2\/users\/1"}],"replies":[{"embeddable":true,"href":"https:\/\/schildkroetli-swimmers.ch\/en\/wp-json\/wp\/v2\/comments?post=3052"}],"version-history":[{"count":5,"href":"https:\/\/schildkroetli-swimmers.ch\/en\/wp-json\/wp\/v2\/pages\/3052\/revisions"}],"predecessor-version":[{"id":5865,"href":"https:\/\/schildkroetli-swimmers.ch\/en\/wp-json\/wp\/v2\/pages\/3052\/revisions\/5865"}],"wp:attachment":[{"href":"https:\/\/schildkroetli-swimmers.ch\/en\/wp-json\/wp\/v2\/media?parent=3052"}],"curies":[{"name":"wp","href":"https:\/\/api.w.org\/{rel}","templated":true}]}}